{"id":14,"date":"2021-04-07T16:52:41","date_gmt":"2021-04-07T16:52:41","guid":{"rendered":"http:\/\/www.raimond.cz\/?page_id=14"},"modified":"2023-01-17T09:46:03","modified_gmt":"2023-01-17T08:46:03","slug":"kontakt","status":"publish","type":"page","link":"https:\/\/www.raimond.cz\/index.php\/kontakt\/","title":{"rendered":"Kontakt"},"content":{"rendered":"\n<div class=\"wp-block-columns alignfull is-layout-flex wp-container-core-columns-is-layout-1 wp-block-columns-is-layout-flex\">\n<div class=\"wp-block-column is-layout-flow wp-block-column-is-layout-flow\">\n<p><\/p>\n\n\n\n<h2 class=\"wp-block-heading\">Pro konzultaci nebo z\u00edsk\u00e1n\u00ed nab\u00eddky se n\u00e1m nev\u00e1hejte ozvat<\/h2>\n<\/div>\n<\/div>\n\n\n\n<div class=\"wp-block-columns container is-layout-flex wp-container-core-columns-is-layout-2 wp-block-columns-is-layout-flex\">\n<div class=\"wp-block-column is-layout-flow wp-block-column-is-layout-flow\">\n<h4 class=\"has-background wp-block-heading\" id=\"block-3df9c987-0cb4-4116-991a-5e1552418b03\" style=\"background-color:#d0e0e3\">M. Panyko\u00a0 <strong>774 581 658<\/strong>, I\u010cO 72167912<br>D. Palkovi\u010d\u00a0 <strong>777 885 988<\/strong>, I\u010cO 60633662<\/h4>\n<\/div>\n\n\n\n<div class=\"wp-block-column is-layout-flow wp-block-column-is-layout-flow\">\n<h4 class=\"has-background wp-block-heading\" style=\"background-color:#d0e0e3\">stav.raimond@seznam.cz<\/h4>\n<\/div>\n<\/div>\n\n\n\n<iframe src=\"https:\/\/www.google.com\/maps\/embed?pb=!1m18!1m12!1m3!1d42038.445875564255!2d14.277167757756283!3d48.81237426896444!2m3!1f0!2f0!3f0!3m2!1i1024!2i768!4f13.1!3m3!1m2!1s0x47735d9c336e1879%3A0x400af0f6614df20!2s381%2001%20%C4%8Cesk%C3%BD%20Krumlov!5e0!3m2!1scs!2scz!4v1642863800552!5m2!1scs!2scz\" style=\"border:0;\" allowfullscreen=\"\" loading=\"lazy\" width=\"100%\" height=\"400\"><\/iframe>\n\n\n\n<p class=\"has-white-background-color has-background\"><\/p>\n","protected":false},"excerpt":{"rendered":"<p>Pro konzultaci nebo z\u00edsk\u00e1n\u00ed nab\u00eddky se n\u00e1m nev\u00e1hejte ozvat M. Panyko\u00a0 774 581 658, I\u010cO 72167912D. Palkovi\u010d\u00a0 777 885 988, I\u010cO 60633662 stav.raimond@seznam.cz<\/p>\n","protected":false},"author":1,"featured_media":0,"parent":0,"menu_order":0,"comment_status":"closed","ping_status":"closed","template":"","meta":{"ngg_post_thumbnail":0,"footnotes":""},"class_list":["post-14","page","type-page","status-publish","hentry"],"_links":{"self":[{"href":"https:\/\/www.raimond.cz\/index.php\/wp-json\/wp\/v2\/pages\/14"}],"collection":[{"href":"https:\/\/www.raimond.cz\/index.php\/wp-json\/wp\/v2\/pages"}],"about":[{"href":"https:\/\/www.raimond.cz\/index.php\/wp-json\/wp\/v2\/types\/page"}],"author":[{"embeddable":true,"href":"https:\/\/www.raimond.cz\/index.php\/wp-json\/wp\/v2\/users\/1"}],"replies":[{"embeddable":true,"href":"https:\/\/www.raimond.cz\/index.php\/wp-json\/wp\/v2\/comments?post=14"}],"version-history":[{"count":7,"href":"https:\/\/www.raimond.cz\/index.php\/wp-json\/wp\/v2\/pages\/14\/revisions"}],"predecessor-version":[{"id":271,"href":"https:\/\/www.raimond.cz\/index.php\/wp-json\/wp\/v2\/pages\/14\/revisions\/271"}],"wp:attachment":[{"href":"https:\/\/www.raimond.cz\/index.php\/wp-json\/wp\/v2\/media?parent=14"}],"curies":[{"name":"wp","href":"https:\/\/api.w.org\/{rel}","templated":true}]}}